{"id":499,"date":"2022-02-21T12:44:52","date_gmt":"2022-02-21T15:44:52","guid":{"rendered":"https:\/\/metalizado.com.ar\/index.php\/about\/"},"modified":"2023-01-31T16:45:06","modified_gmt":"2023-01-31T19:45:06","slug":"sobre-nosotros","status":"publish","type":"page","link":"https:\/\/metalizado.com.ar\/index.php\/sobre-nosotros\/","title":{"rendered":"SOBRE NOSOTROS"},"content":{"rendered":"\n<div class=\"wp-block-uagb-container uagb-block-88856e88 alignfull uagb-is-root-container\"><div class=\"uagb-container-inner-blocks-wrap\">\n<div class=\"wp-block-uagb-advanced-heading uagb-block-a6e85a69\"><h1 class=\"uagb-heading-text\">Nuestra&nbsp;<strong>Empresa<\/strong>:<\/h1><\/div>\n<\/div><\/div>\n\n\n\n<div class=\"wp-block-uagb-container uagb-block-62fa8103 alignfull uagb-is-root-container\"><div class=\"uagb-container-inner-blocks-wrap\">\n<div class=\"wp-block-uagb-container uagb-block-c982c414\">\n<div class=\"wp-block-uagb-info-box uagb-block-ff3f0ea2 uagb-infobox__content-wrap  uagb-infobox-icon-above-title uagb-infobox-image-valign-top\"><div class=\"uagb-ifb-content\"><div class=\"uagb-ifb-title-wrap\"><h2 class=\"uagb-ifb-title\">Metalizado Argentina<\/h2><\/div><p class=\"uagb-ifb-desc\">Esta empresa fue creada por Concetto Sifone, quien empez\u00f3 su carrera en el proceso de metalizado all\u00e1 por los a\u00f1os setenta, a lo largo del tiempo fue adquiriendo experiencia y expandi\u00e9ndose a requerimiento de sus clientes para satisfacer sus necesidades.<br><br>Hoy contamos con tecnolog\u00eda y medios para poder realizar los siguientes procesos.<br><br><strong>Nuestra Pol\u00edtica de Calidad:<\/strong>&nbsp;Trabajar d\u00eda a d\u00eda, siguiendo las consignas de:<br><br><strong>1. Calidad:<\/strong>&nbsp;Aportada a trav\u00e9s de Mano de Obra id\u00f3nea, consumibles certificados, maquinaria calibrada y supervisi\u00f3n constante.<br><br><strong>2. Precisi\u00f3n:<\/strong>&nbsp;Previendo el tiempo necesario para la ejecuci\u00f3n de los trabajos.<br><br><strong>3. Prontitud:<\/strong>&nbsp;Reforzando con doble turno las emergencias.<br><br><strong>4. Respaldo:<\/strong>&nbsp;Queremos que nuestros clientes se sientan respaldados en la experiencia lograda a lo largo de tantos a\u00f1os de trabajo continuo.<br><br><strong>5. Asesoramiento:<\/strong>&nbsp;Sugiriendo alternativas para problemas puntuales de trabajos.<br><strong><br>6. Satisfacci\u00f3n:<\/strong>&nbsp;Pretendemos que nuestros clientes queden conformes con los trabajos, la atenci\u00f3n, el precio y el servicio pos-venta.<br><br><a href=\"http:\/\/www.metalizadorasifone.com.ar\/contacto.html\">Nuestras instalaciones<\/a>&nbsp;se encuentran en Granadero Baigorria con acceso r\u00e1pido a Autopista Santa Fe, A012 y Ruta 11.<br>Le invitamos a&nbsp;<br><a href=\"http:\/\/www.metalizadorasifone.com.ar\/contacto.html\">contactarnos<\/a>&nbsp;sin demora para evacuar su consulta particular.<\/p><\/div><\/div>\n<\/div>\n<\/div><\/div>\n\n\n\n<div class=\"wp-block-uagb-container uagb-block-73b484a3 alignfull uagb-is-root-container\"><div class=\"uagb-container-inner-blocks-wrap\">\n<div class=\"wp-block-uagb-buttons uagb-buttons__outer-wrap uagb-btn__default-btn uagb-btn-tablet__default-btn uagb-btn-mobile__default-btn uagb-block-df030b93\"><div class=\"uagb-buttons__wrap uagb-buttons-layout-wrap\">\n<div class=\"wp-block-uagb-buttons-child uagb-buttons__outer-wrap uagb-block-1ab16511 wp-block-button is-style-outline\"><div class=\"uagb-button__wrapper\"><a class=\"uagb-buttons-repeater wp-block-button__link has-text-color\" href=\"https:\/\/metalizado.com.ar\/index.php\/contacto\/\" onclick=\"return true;\" rel=\"follow noopener\" target=\"_self\"><div class=\"uagb-button__link\">CONTACTATE CON NOSOTROS<\/div><span class=\"uagb-button__icon uagb-button__icon-position-after\"><svg xmlns=\"https:\/\/www.w3.org\/2000\/svg\" viewBox=\"0 0 448 512\"><path d=\"M438.6 278.6l-160 160C272.4 444.9 264.2 448 256 448s-16.38-3.125-22.62-9.375c-12.5-12.5-12.5-32.75 0-45.25L338.8 288H32C14.33 288 .0016 273.7 .0016 256S14.33 224 32 224h306.8l-105.4-105.4c-12.5-12.5-12.5-32.75 0-45.25s32.75-12.5 45.25 0l160 160C451.1 245.9 451.1 266.1 438.6 278.6z\"><\/path><\/svg><\/span><\/a><\/div><\/div>\n<\/div><\/div>\n<\/div><\/div>\n","protected":false},"excerpt":{"rendered":"<p>Nuestra&nbsp;Empresa:<\/p>\n","protected":false},"author":1,"featured_media":0,"parent":0,"menu_order":0,"comment_status":"closed","ping_status":"closed","template":"","meta":{"om_disable_all_campaigns":false,"_uag_custom_page_level_css":"","_monsterinsights_skip_tracking":false,"_monsterinsights_sitenote_active":false,"_monsterinsights_sitenote_note":"","_monsterinsights_sitenote_category":0,"site-sidebar-layout":"no-sidebar","site-content-layout":"plain-container","ast-global-header-display":"","ast-main-header-display":"","ast-hfb-above-header-display":"","ast-hfb-below-header-display":"","ast-hfb-mobile-header-display":"","site-post-title":"disabled","ast-breadcrumbs-content":"","ast-featured-img":"disabled","footer-sml-layout":"","theme-transparent-header-meta":"enabled","adv-header-id-meta":"","stick-header-meta":"","header-above-stick-meta":"","header-main-stick-meta":"","header-below-stick-meta":"","_joinchat":[],"footnotes":""},"class_list":["post-499","page","type-page","status-publish","hentry"],"aioseo_notices":[],"uagb_featured_image_src":{"full":false,"thumbnail":false,"medium":false,"medium_large":false,"large":false,"1536x1536":false,"2048x2048":false},"uagb_author_info":{"display_name":"ventas","author_link":"https:\/\/metalizado.com.ar\/index.php\/author\/ventas\/"},"uagb_comment_info":0,"uagb_excerpt":"Nuestra&nbsp;Empresa:","_links":{"self":[{"href":"https:\/\/metalizado.com.ar\/index.php\/wp-json\/wp\/v2\/pages\/499","targetHints":{"allow":["GET"]}}],"collection":[{"href":"https:\/\/metalizado.com.ar\/index.php\/wp-json\/wp\/v2\/pages"}],"about":[{"href":"https:\/\/metalizado.com.ar\/index.php\/wp-json\/wp\/v2\/types\/page"}],"author":[{"embeddable":true,"href":"https:\/\/metalizado.com.ar\/index.php\/wp-json\/wp\/v2\/users\/1"}],"replies":[{"embeddable":true,"href":"https:\/\/metalizado.com.ar\/index.php\/wp-json\/wp\/v2\/comments?post=499"}],"version-history":[{"count":11,"href":"https:\/\/metalizado.com.ar\/index.php\/wp-json\/wp\/v2\/pages\/499\/revisions"}],"predecessor-version":[{"id":1668,"href":"https:\/\/metalizado.com.ar\/index.php\/wp-json\/wp\/v2\/pages\/499\/revisions\/1668"}],"wp:attachment":[{"href":"https:\/\/metalizado.com.ar\/index.php\/wp-json\/wp\/v2\/media?parent=499"}],"curies":[{"name":"wp","href":"https:\/\/api.w.org\/{rel}","templated":true}]}}