{"id":497,"date":"2022-02-21T12:44:08","date_gmt":"2022-02-21T15:44:08","guid":{"rendered":"https:\/\/metalizado.com.ar\/index.php\/services\/"},"modified":"2023-07-26T20:03:25","modified_gmt":"2023-07-26T23:03:25","slug":"servicios","status":"publish","type":"page","link":"https:\/\/metalizado.com.ar\/index.php\/servicios\/","title":{"rendered":"SERVICIOS"},"content":{"rendered":"\n<div class=\"wp-block-uagb-container uagb-block-2c60c13f alignfull uagb-is-root-container\"><div class=\"uagb-container-inner-blocks-wrap\">\n<div class=\"wp-block-uagb-advanced-heading uagb-block-e185f975\"><h1 class=\"uagb-heading-text\">servicios<\/h1><\/div>\n\n\n\n<ul class=\"wp-block-list\">\n<li class=\"has-large-font-size\" style=\"font-style:normal;font-weight:900\"><strong>MECANIZADO<\/strong><\/li>\n\n\n\n<li class=\"has-large-font-size\" style=\"font-style:normal;font-weight:500\">METALIZADO<\/li>\n\n\n\n<li class=\"has-large-font-size\" style=\"font-style:normal;font-weight:500\">RECTIFICADO<\/li>\n<\/ul>\n<\/div><\/div>\n\n\n\n<div class=\"wp-block-uagb-container uagb-block-c8d5b979 alignfull uagb-is-root-container\"><div class=\"uagb-container-inner-blocks-wrap\">\n<div class=\"wp-block-uagb-advanced-heading uagb-block-9e7a5146\"><h3 class=\"uagb-heading-text\">Nuestros servicios:<br><strong>MECANIZADO<br>METALIZADO<br>RECTIFICADO<\/strong><br>OBRAS IN SITU<\/h3><\/div>\n\n\n\n<div class=\"wp-block-uagb-container uagb-block-1bda4a09\">\n<div class=\"wp-block-uagb-container uagb-block-b125bb62\">\n<figure class=\"wp-block-gallery has-nested-images columns-1 is-cropped wp-block-gallery-1 is-layout-flex wp-block-gallery-is-layout-flex\">\n<figure class=\"wp-block-image size-large\"><img loading=\"lazy\" decoding=\"async\" width=\"640\" height=\"480\" data-id=\"1532\" src=\"https:\/\/metalizado.com.ar\/wp-content\/uploads\/2022\/12\/rolo-foto-1.jpg\" alt=\"\" class=\"wp-image-1532\" srcset=\"https:\/\/metalizado.com.ar\/wp-content\/uploads\/2022\/12\/rolo-foto-1.jpg 640w, https:\/\/metalizado.com.ar\/wp-content\/uploads\/2022\/12\/rolo-foto-1-300x225.jpg 300w\" sizes=\"auto, (max-width: 640px) 100vw, 640px\" \/><\/figure>\n\n\n\n<figure class=\"wp-block-image size-large\"><img loading=\"lazy\" decoding=\"async\" width=\"640\" height=\"480\" data-id=\"1533\" src=\"https:\/\/metalizado.com.ar\/wp-content\/uploads\/2022\/12\/rolo-foto-2.jpg\" alt=\"\" class=\"wp-image-1533\" srcset=\"https:\/\/metalizado.com.ar\/wp-content\/uploads\/2022\/12\/rolo-foto-2.jpg 640w, https:\/\/metalizado.com.ar\/wp-content\/uploads\/2022\/12\/rolo-foto-2-300x225.jpg 300w\" sizes=\"auto, (max-width: 640px) 100vw, 640px\" \/><\/figure>\n<\/figure>\n\n\n\n<h2 class=\"wp-block-heading has-large-font-size\">RODILLOS<\/h2>\n\n\n\n<p>Antes y despu\u00e9s, Aporte metalizado de material inoxidable y Rectificado.<\/p>\n<\/div>\n\n\n\n<div class=\"wp-block-uagb-container uagb-block-44769924\">\n<figure class=\"wp-block-gallery has-nested-images columns-1 is-cropped wp-block-gallery-2 is-layout-flex wp-block-gallery-is-layout-flex\">\n<figure class=\"wp-block-image size-large\"><img loading=\"lazy\" decoding=\"async\" width=\"640\" height=\"480\" data-id=\"1529\" src=\"https:\/\/metalizado.com.ar\/wp-content\/uploads\/2022\/12\/PETRO-PISTON-COMP.-CLARK-FD1744.jpg\" alt=\"\" class=\"wp-image-1529\" srcset=\"https:\/\/metalizado.com.ar\/wp-content\/uploads\/2022\/12\/PETRO-PISTON-COMP.-CLARK-FD1744.jpg 640w, https:\/\/metalizado.com.ar\/wp-content\/uploads\/2022\/12\/PETRO-PISTON-COMP.-CLARK-FD1744-300x225.jpg 300w\" sizes=\"auto, (max-width: 640px) 100vw, 640px\" \/><\/figure>\n\n\n\n<figure class=\"wp-block-image size-large\"><img loading=\"lazy\" decoding=\"async\" width=\"640\" height=\"480\" data-id=\"1530\" src=\"https:\/\/metalizado.com.ar\/wp-content\/uploads\/2022\/12\/PETRO-PISTON.jpg\" alt=\"\" class=\"wp-image-1530\" srcset=\"https:\/\/metalizado.com.ar\/wp-content\/uploads\/2022\/12\/PETRO-PISTON.jpg 640w, https:\/\/metalizado.com.ar\/wp-content\/uploads\/2022\/12\/PETRO-PISTON-300x225.jpg 300w\" sizes=\"auto, (max-width: 640px) 100vw, 640px\" \/><\/figure>\n<\/figure>\n\n\n\n<h2 class=\"wp-block-heading has-large-font-size\">PISTONES<\/h2>\n\n\n\n<p>Aporte por Proyecci\u00f3n de Aluminio y Bronce y su posterior rectificado.<\/p>\n<\/div>\n\n\n\n<div class=\"wp-block-uagb-container uagb-block-d8167652\">\n<figure class=\"wp-block-gallery has-nested-images columns-1 is-cropped wp-block-gallery-3 is-layout-flex wp-block-gallery-is-layout-flex\">\n<figure class=\"wp-block-image size-large\"><img loading=\"lazy\" decoding=\"async\" width=\"640\" height=\"480\" data-id=\"1537\" src=\"https:\/\/metalizado.com.ar\/wp-content\/uploads\/2022\/12\/TAMBORES-trefilacion-ALMACEN.jpg\" alt=\"\" class=\"wp-image-1537\" srcset=\"https:\/\/metalizado.com.ar\/wp-content\/uploads\/2022\/12\/TAMBORES-trefilacion-ALMACEN.jpg 640w, https:\/\/metalizado.com.ar\/wp-content\/uploads\/2022\/12\/TAMBORES-trefilacion-ALMACEN-300x225.jpg 300w\" sizes=\"auto, (max-width: 640px) 100vw, 640px\" \/><\/figure>\n\n\n\n<figure class=\"wp-block-image size-large\"><img loading=\"lazy\" decoding=\"async\" width=\"1024\" height=\"728\" data-id=\"1536\" src=\"https:\/\/metalizado.com.ar\/wp-content\/uploads\/2022\/12\/tambores-de-trefilacion-e1671123290440-1024x728.jpg\" alt=\"\" class=\"wp-image-1536\" srcset=\"https:\/\/metalizado.com.ar\/wp-content\/uploads\/2022\/12\/tambores-de-trefilacion-e1671123290440-1024x728.jpg 1024w, https:\/\/metalizado.com.ar\/wp-content\/uploads\/2022\/12\/tambores-de-trefilacion-e1671123290440-300x213.jpg 300w, https:\/\/metalizado.com.ar\/wp-content\/uploads\/2022\/12\/tambores-de-trefilacion-e1671123290440-768x546.jpg 768w, https:\/\/metalizado.com.ar\/wp-content\/uploads\/2022\/12\/tambores-de-trefilacion-e1671123290440-1536x1092.jpg 1536w, https:\/\/metalizado.com.ar\/wp-content\/uploads\/2022\/12\/tambores-de-trefilacion-e1671123290440-2048x1456.jpg 2048w\" sizes=\"auto, (max-width: 1024px) 100vw, 1024px\" \/><\/figure>\n<\/figure>\n\n\n\n<h2 class=\"wp-block-heading has-large-font-size\">TAMBORES DE TREFILACION<\/h2>\n\n\n\n<p>Recuperaci\u00f3n de zona de trabajo con material inoxidable tipo AISI 420<\/p>\n<\/div>\n<\/div>\n<\/div><\/div>\n\n\n\n<div class=\"wp-block-uagb-container uagb-block-c1647460 alignfull uagb-is-root-container\"><div class=\"uagb-container-inner-blocks-wrap\">\n<div class=\"wp-block-uagb-container uagb-block-23f8d6bb\">\n<figure class=\"wp-block-image size-large is-resized\"><img loading=\"lazy\" decoding=\"async\" src=\"http:\/\/metalizado.com.ar\/wp-content\/uploads\/2022\/12\/desgaste-1024x768.jpg\" alt=\"\" class=\"wp-image-1515\" width=\"307\" height=\"230\" srcset=\"https:\/\/metalizado.com.ar\/wp-content\/uploads\/2022\/12\/desgaste-1024x768.jpg 1024w, https:\/\/metalizado.com.ar\/wp-content\/uploads\/2022\/12\/desgaste-300x225.jpg 300w, https:\/\/metalizado.com.ar\/wp-content\/uploads\/2022\/12\/desgaste-768x576.jpg 768w, https:\/\/metalizado.com.ar\/wp-content\/uploads\/2022\/12\/desgaste-1536x1152.jpg 1536w, https:\/\/metalizado.com.ar\/wp-content\/uploads\/2022\/12\/desgaste-2048x1536.jpg 2048w\" sizes=\"auto, (max-width: 307px) 100vw, 307px\" \/><\/figure>\n\n\n\n<h2 class=\"wp-block-heading\">PUNTERAS<\/h2>\n\n\n\n<p>Recuperaci\u00f3n con aporte de material inox 420<\/p>\n<\/div>\n\n\n\n<div class=\"wp-block-uagb-container uagb-block-6a2e84d5\">\n<figure class=\"wp-block-image size-large\"><img loading=\"lazy\" decoding=\"async\" width=\"1024\" height=\"768\" src=\"http:\/\/metalizado.com.ar\/wp-content\/uploads\/2022\/12\/bba-nash-1024x768.jpg\" alt=\"\" class=\"wp-image-1512\" srcset=\"https:\/\/metalizado.com.ar\/wp-content\/uploads\/2022\/12\/bba-nash-1024x768.jpg 1024w, https:\/\/metalizado.com.ar\/wp-content\/uploads\/2022\/12\/bba-nash-300x225.jpg 300w, https:\/\/metalizado.com.ar\/wp-content\/uploads\/2022\/12\/bba-nash-768x576.jpg 768w, https:\/\/metalizado.com.ar\/wp-content\/uploads\/2022\/12\/bba-nash-1536x1152.jpg 1536w, https:\/\/metalizado.com.ar\/wp-content\/uploads\/2022\/12\/bba-nash.jpg 2048w\" sizes=\"auto, (max-width: 1024px) 100vw, 1024px\" \/><\/figure>\n\n\n\n<h2 class=\"wp-block-heading\">BOMBAS NASH<\/h2>\n\n\n\n<p>Reparaci\u00f3n integral revestida en acero inoxidable manteniendo los ajustes de f\u00e1brica.<\/p>\n<\/div>\n\n\n\n<div class=\"wp-block-uagb-container uagb-block-7fdbdbca\">\n<figure class=\"wp-block-image size-large\"><img loading=\"lazy\" decoding=\"async\" width=\"1024\" height=\"768\" src=\"http:\/\/metalizado.com.ar\/wp-content\/uploads\/2022\/12\/caja-rodamiento-terminada-1024x768.jpg\" alt=\"\" class=\"wp-image-1514\" srcset=\"https:\/\/metalizado.com.ar\/wp-content\/uploads\/2022\/12\/caja-rodamiento-terminada-1024x768.jpg 1024w, https:\/\/metalizado.com.ar\/wp-content\/uploads\/2022\/12\/caja-rodamiento-terminada-300x225.jpg 300w, https:\/\/metalizado.com.ar\/wp-content\/uploads\/2022\/12\/caja-rodamiento-terminada-768x576.jpg 768w, https:\/\/metalizado.com.ar\/wp-content\/uploads\/2022\/12\/caja-rodamiento-terminada-1536x1152.jpg 1536w, https:\/\/metalizado.com.ar\/wp-content\/uploads\/2022\/12\/caja-rodamiento-terminada-2048x1536.jpg 2048w\" sizes=\"auto, (max-width: 1024px) 100vw, 1024px\" \/><\/figure>\n\n\n\n<h2 class=\"wp-block-heading\">CAJA PORTA RODAMIENTOS<\/h2>\n\n\n\n<p>Recuperaci\u00f3n integral de zona de rodamiento y frentes<\/p>\n<\/div>\n<\/div><\/div>\n\n\n\n<div class=\"wp-block-uagb-container uagb-block-59fed332 alignfull uagb-is-root-container\"><div class=\"uagb-container-inner-blocks-wrap\">\n<div class=\"wp-block-uagb-container uagb-block-1df859c7\"><\/div>\n\n\n\n<div class=\"wp-block-uagb-container uagb-block-74a76b2d\"><\/div>\n\n\n\n<div class=\"wp-block-uagb-container uagb-block-5e237b02\"><\/div>\n<\/div><\/div>\n\n\n\n<p><\/p>\n","protected":false},"excerpt":{"rendered":"<p>servicios Nuestros servicios:MECANIZADOMETALIZADORECTIFICADOOBRAS IN SITU RODILLOS Antes y despu\u00e9s, Aporte metalizado de material inoxidable y Rectificado. PISTONES Aporte por Proyecci\u00f3n de Aluminio y Bronce y su posterior rectificado. TAMBORES DE TREFILACION Recuperaci\u00f3n de zona de trabajo con material inoxidable tipo AISI 420 PUNTERAS Recuperaci\u00f3n con aporte de material inox 420 BOMBAS NASH Reparaci\u00f3n integral revestida &hellip;<\/p>\n<p class=\"read-more\"> <a class=\"\" href=\"https:\/\/metalizado.com.ar\/index.php\/servicios\/\"> <span class=\"screen-reader-text\">SERVICIOS<\/span> Leer m\u00e1s &raquo;<\/a><\/p>\n","protected":false},"author":1,"featured_media":0,"parent":0,"menu_order":0,"comment_status":"closed","ping_status":"closed","template":"","meta":{"om_disable_all_campaigns":false,"_uag_custom_page_level_css":"","_monsterinsights_skip_tracking":false,"_monsterinsights_sitenote_active":false,"_monsterinsights_sitenote_note":"","_monsterinsights_sitenote_category":0,"site-sidebar-layout":"no-sidebar","site-content-layout":"plain-container","ast-global-header-display":"","ast-main-header-display":"","ast-hfb-above-header-display":"","ast-hfb-below-header-display":"","ast-hfb-mobile-header-display":"","site-post-title":"disabled","ast-breadcrumbs-content":"","ast-featured-img":"disabled","footer-sml-layout":"","theme-transparent-header-meta":"enabled","adv-header-id-meta":"","stick-header-meta":"","header-above-stick-meta":"","header-main-stick-meta":"","header-below-stick-meta":"","_joinchat":[],"footnotes":""},"class_list":["post-497","page","type-page","status-publish","hentry"],"aioseo_notices":[],"uagb_featured_image_src":{"full":false,"thumbnail":false,"medium":false,"medium_large":false,"large":false,"1536x1536":false,"2048x2048":false},"uagb_author_info":{"display_name":"ventas","author_link":"https:\/\/metalizado.com.ar\/index.php\/author\/ventas\/"},"uagb_comment_info":0,"uagb_excerpt":"servicios Nuestros servicios:MECANIZADOMETALIZADORECTIFICADOOBRAS IN SITU RODILLOS Antes y despu\u00e9s, Aporte metalizado de material inoxidable y Rectificado. PISTONES Aporte por Proyecci\u00f3n de Aluminio y Bronce y su posterior rectificado. TAMBORES DE TREFILACION Recuperaci\u00f3n de zona de trabajo con material inoxidable tipo AISI 420 PUNTERAS Recuperaci\u00f3n con aporte de material inox 420 BOMBAS NASH Reparaci\u00f3n integral revestida&hellip;","_links":{"self":[{"href":"https:\/\/metalizado.com.ar\/index.php\/wp-json\/wp\/v2\/pages\/497","targetHints":{"allow":["GET"]}}],"collection":[{"href":"https:\/\/metalizado.com.ar\/index.php\/wp-json\/wp\/v2\/pages"}],"about":[{"href":"https:\/\/metalizado.com.ar\/index.php\/wp-json\/wp\/v2\/types\/page"}],"author":[{"embeddable":true,"href":"https:\/\/metalizado.com.ar\/index.php\/wp-json\/wp\/v2\/users\/1"}],"replies":[{"embeddable":true,"href":"https:\/\/metalizado.com.ar\/index.php\/wp-json\/wp\/v2\/comments?post=497"}],"version-history":[{"count":10,"href":"https:\/\/metalizado.com.ar\/index.php\/wp-json\/wp\/v2\/pages\/497\/revisions"}],"predecessor-version":[{"id":1650,"href":"https:\/\/metalizado.com.ar\/index.php\/wp-json\/wp\/v2\/pages\/497\/revisions\/1650"}],"wp:attachment":[{"href":"https:\/\/metalizado.com.ar\/index.php\/wp-json\/wp\/v2\/media?parent=497"}],"curies":[{"name":"wp","href":"https:\/\/api.w.org\/{rel}","templated":true}]}}