{"id":493,"date":"2022-02-21T12:41:47","date_gmt":"2022-02-21T12:41:47","guid":{"rendered":"https:\/\/metalizado.com.ar\/index.php\/home\/"},"modified":"2023-05-16T15:06:51","modified_gmt":"2023-05-16T18:06:51","slug":"home","status":"publish","type":"page","link":"https:\/\/metalizado.com.ar\/","title":{"rendered":"INICIO"},"content":{"rendered":"\n<div class=\"wp-block-uagb-container uagb-block-265220ce alignfull uagb-is-root-container\"><div class=\"uagb-container-inner-blocks-wrap\">\n<div class=\"wp-block-uagb-advanced-heading uagb-block-7534d728\"><h3 class=\"uagb-heading-text\">Economice metalizando&#8230;<\/h3><\/div>\n\n\n\n<div class=\"wp-block-uagb-info-box uagb-block-46a27200 uagb-infobox__content-wrap  uagb-infobox-icon-above-title uagb-infobox-image-valign-top\"><div class=\"uagb-ifb-content\"><div class=\"uagb-ifb-icon-wrap\"><svg xmlns=\"https:\/\/www.w3.org\/2000\/svg\" viewBox=\"0 0 512 512\"><path d=\"M0 256C0 114.6 114.6 0 256 0C397.4 0 512 114.6 512 256C512 397.4 397.4 512 256 512C114.6 512 0 397.4 0 256zM371.8 211.8C382.7 200.9 382.7 183.1 371.8 172.2C360.9 161.3 343.1 161.3 332.2 172.2L224 280.4L179.8 236.2C168.9 225.3 151.1 225.3 140.2 236.2C129.3 247.1 129.3 264.9 140.2 275.8L204.2 339.8C215.1 350.7 232.9 350.7 243.8 339.8L371.8 211.8z\"><\/path><\/svg><\/div><div class=\"uagb-ifb-title-wrap\"><h1 class=\"uagb-ifb-title\"><strong>recuperacion de superficies desgastadas<\/strong><\/h1><\/div><p class=\"uagb-ifb-desc\">              <br> Realizamos aporte de material inoxidable, carburos, cer\u00e1micas, etc. a trav\u00e9s de la t\u00e9cnica de METALIZADO, proyecci\u00f3n de part\u00edculas a alta velocidad con temperatura controlada.<br><\/p><div class=\"uagb-ifb-button-wrapper wp-block-button\"><a href=\"\" class=\"uagb-infobox-cta-link wp-block-button__link\" target=\"_self\" rel=\"noopener noreferrer\" onclick=\"return false;\" alt=\"\"><span class=\"uagb-inline-editing\">Read More<\/span><svg xmlns=\"https:\/\/www.w3.org\/2000\/svg\" viewBox=\"0 0 512 512\"><path d=\"M504.3 273.6l-112.1 104c-6.992 6.484-17.18 8.218-25.94 4.406c-8.758-3.812-14.42-12.45-14.42-21.1L351.9 288H32C14.33 288 .0002 273.7 .0002 255.1S14.33 224 32 224h319.9l0-72c0-9.547 5.66-18.19 14.42-22c8.754-3.809 18.95-2.075 25.94 4.41l112.1 104C514.6 247.9 514.6 264.1 504.3 273.6z\"><\/path><\/svg><\/a><\/div><\/div><\/div>\n\n\n\n<div class=\"wp-block-uagb-buttons uagb-buttons__outer-wrap uagb-btn__default-btn uagb-btn-tablet__default-btn uagb-btn-mobile__default-btn uagb-block-cbb86ef2\"><div class=\"uagb-buttons__wrap uagb-buttons-layout-wrap\">\n<div class=\"wp-block-uagb-buttons-child uagb-buttons__outer-wrap uagb-block-982be91c wp-block-button is-style-outline\"><div class=\"uagb-button__wrapper\"><a class=\"uagb-buttons-repeater wp-block-button__link has-background has-text-color\" href=\"https:\/\/metalizado.com.ar\/index.php\/contacto\/\" onclick=\"return true;\" rel=\"follow noopener\" target=\"_self\"><div class=\"uagb-button__link\">contactenos<\/div><\/a><\/div><\/div>\n\n\n\n<div class=\"wp-block-uagb-buttons-child uagb-buttons__outer-wrap uagb-block-35f411b1 wp-block-button is-style-outline\"><div class=\"uagb-button__wrapper\"><a class=\"uagb-buttons-repeater wp-block-button__link has-background has-text-color\" href=\"https:\/\/metalizado.com.ar\/index.php\/servicios\/\" onclick=\"return true;\" rel=\"follow noopener\" target=\"_self\"><div class=\"uagb-button__link\">servicios<\/div><\/a><\/div><\/div>\n<\/div><\/div>\n<\/div><\/div>\n\n\n\n<div class=\"wp-block-uagb-container uag-blocks-common-selector uagb-block-08b168a8 alignfull uagb-is-root-container\"><div class=\"uagb-container-inner-blocks-wrap\">\n<div class=\"wp-block-uagb-container uag-blocks-common-selector uagb-block-6b49e412\">\n<div class=\"wp-block-uagb-container uagb-block-ed46537e\">\n<div class=\"wp-block-uagb-advanced-heading uagb-block-befb0ae4\"><h4 class=\"uagb-heading-text\">Asesoramiento t\u00e9cnico <\/h4><\/div>\n\n\n\n<div class=\"wp-block-uagb-info-box uagb-block-a1a9f161 uagb-infobox__content-wrap  uagb-infobox-icon-above-title uagb-infobox-image-valign-top\"><div class=\"uagb-ifb-content\"><div class=\"uagb-ifb-title-wrap\"><h2 class=\"uagb-ifb-title\">50 A\u00f1os de experiencia en el mercado<\/h2><\/div><div class=\"uagb-ifb-button-wrapper wp-block-button\"><a href=\"https:\/\/metalizado.com.ar\/index.php\/contacto\/\" class=\"uagb-infobox-cta-link wp-block-button__link\" target=\"_self\" rel=\"noopener noreferrer\" onclick=\"return true;\" alt=\"\"><span class=\"uagb-inline-editing\">CONTRAT\u00c1 NUESTROS SERVICIOS<\/span><\/a><\/div><\/div><\/div>\n<\/div>\n\n\n\n<div class=\"wp-block-uagb-container uagb-block-7c9b5f94\">\n<div class=\"wp-block-uagb-container uagb-block-69eb72f2\">\n<div class=\"wp-block-uagb-container uagb-block-ffbf4055\">\n<div class=\"wp-block-uagb-info-box uagb-block-3a889799 uagb-infobox__content-wrap  uagb-infobox-icon-above-title uagb-infobox-image-valign-top\"><div class=\"uagb-ifb-content\"><div class=\"uagb-ifb-title-wrap\"><h2 class=\"uagb-ifb-title\">512+<\/h2><\/div><p class=\"uagb-ifb-desc\">Trabajos realizados anualmente.<\/p><\/div><\/div>\n<\/div>\n\n\n\n<div class=\"wp-block-uagb-container uagb-block-254d4c3a\">\n<div class=\"wp-block-uagb-info-box uagb-block-d30df666 uagb-infobox__content-wrap  uagb-infobox-icon-above-title uagb-infobox-image-valign-top\"><div class=\"uagb-ifb-content\"><div class=\"uagb-ifb-title-wrap\"><h2 class=\"uagb-ifb-title\">50+<\/h2><\/div><p class=\"uagb-ifb-desc\">A\u00f1os de experiencia en el rubro.<\/p><\/div><\/div>\n<\/div>\n<\/div>\n\n\n\n<div class=\"wp-block-uagb-container uagb-block-02f0c77a\">\n<div class=\"wp-block-uagb-container uagb-block-6f2a2d56\">\n<div class=\"wp-block-uagb-info-box uagb-block-0c91130d uagb-infobox__content-wrap  uagb-infobox-icon-above-title uagb-infobox-image-valign-top\"><div class=\"uagb-ifb-content\"><div class=\"uagb-ifb-title-wrap\"><h2 class=\"uagb-ifb-title\">520+<\/h2><\/div><p class=\"uagb-ifb-desc\">Clientes utilizaron nuestro servicio.<\/p><\/div><\/div>\n<\/div>\n<\/div>\n<\/div>\n<\/div>\n<\/div><\/div>\n\n\n\n<div class=\"wp-block-uagb-container uag-blocks-common-selector uagb-block-de6d28e1 alignfull uagb-is-root-container\"><div class=\"uagb-container-inner-blocks-wrap\">\n<div class=\"wp-block-uagb-container uagb-block-d8beb8b8\">\n<div class=\"wp-block-uagb-container uagb-block-931d3e47\">\n<div class=\"wp-block-uagb-advanced-heading uagb-block-69a268e1\"><\/div>\n\n\n\n<div class=\"wp-block-uagb-advanced-heading uagb-block-498f14d1\"><h2 class=\"uagb-heading-text\">Trabajos de calidad<\/h2><\/div>\n<\/div>\n\n\n\n<div class=\"wp-block-uagb-container uagb-block-d42a6112\">\n<div class=\"wp-block-uagb-buttons uagb-buttons__outer-wrap uagb-btn__default-btn uagb-btn-tablet__default-btn uagb-btn-mobile__default-btn uagb-block-5ce1f140\"><div class=\"uagb-buttons__wrap uagb-buttons-layout-wrap\">\n<div class=\"wp-block-uagb-buttons-child uagb-buttons__outer-wrap uagb-block-12f250a9 wp-block-button is-style-outline\"><div class=\"uagb-button__wrapper\"><a class=\"uagb-buttons-repeater wp-block-button__link has-background has-text-color\" href=\"https:\/\/metalizado.com.ar\/index.php\/servicios\/\" onclick=\"return true;\" rel=\"follow noopener\" target=\"_self\"><div class=\"uagb-button__link\">ver todo<\/div><span class=\"uagb-button__icon uagb-button__icon-position-after\"><\/span><\/a><\/div><\/div>\n<\/div><\/div>\n<\/div>\n<\/div>\n\n\n\n<div class=\"wp-block-uagb-container uagb-block-22571c5d\">\n<div class=\"wp-block-uagb-container uagb-block-94176619\">\n<div class=\"wp-block-uagb-info-box uagb-block-094580f3 uagb-infobox__content-wrap  uagb-infobox-icon-above-title uagb-infobox-image-valign-top\"><div class=\"uagb-ifb-content\"><div class=\"uagb-ifb-image-content\"><img decoding=\"async\" src=\"http:\/\/metalizado.com.ar\/wp-content\/uploads\/2022\/11\/Aluminizado.jpg\" alt=\"\" width=\"611\" height=\"403\" loading=\"lazy\"\/><\/div><div class=\"uagb-ifb-title-wrap\"><h3 class=\"uagb-ifb-title\">APORTE DE ALUMINIO<\/h3><\/div><p class=\"uagb-ifb-desc\">Bean Heater<\/p><\/div><\/div>\n<\/div>\n\n\n\n<div class=\"wp-block-uagb-container uagb-block-54a63997\">\n<div class=\"wp-block-uagb-info-box uagb-block-231abdee uagb-infobox__content-wrap  uagb-infobox-icon-above-title uagb-infobox-image-valign-top\"><div class=\"uagb-ifb-content\"><div class=\"uagb-ifb-image-content\"><img decoding=\"async\" src=\"http:\/\/metalizado.com.ar\/wp-content\/uploads\/2022\/11\/DSC00658.jpg\" alt=\"\" width=\"2048\" height=\"1536\" loading=\"lazy\"\/><\/div><div class=\"uagb-ifb-title-wrap\"><h3 class=\"uagb-ifb-title\">APORTE DE COBRE<\/h3><\/div><p class=\"uagb-ifb-desc\">Cojinetes<\/p><\/div><\/div>\n<\/div>\n\n\n\n<div class=\"wp-block-uagb-container uagb-block-94507c40\">\n<div class=\"wp-block-uagb-info-box uagb-block-d993cf80 uagb-infobox__content-wrap  uagb-infobox-icon-above-title uagb-infobox-image-valign-top\"><div class=\"uagb-ifb-content\"><div class=\"uagb-ifb-image-content\"><img decoding=\"async\" src=\"http:\/\/metalizado.com.ar\/wp-content\/uploads\/2022\/11\/16012008055.jpg\" alt=\"\" width=\"2048\" height=\"1536\" loading=\"lazy\"\/><\/div><div class=\"uagb-ifb-title-wrap\"><h3 class=\"uagb-ifb-title\">APORTE DE INOX 420<\/h3><\/div><p class=\"uagb-ifb-desc\">Cajas de Rodamientos<\/p><\/div><\/div>\n<\/div>\n<\/div>\n\n\n\n<div class=\"wp-block-uagb-container uagb-block-0b235a85\">\n<div class=\"wp-block-uagb-container uagb-block-f48390c1\">\n<div class=\"wp-block-uagb-info-box uagb-block-c96dfd08 uagb-infobox__content-wrap  uagb-infobox-icon-above-title uagb-infobox-image-valign-top\"><div class=\"uagb-ifb-content\"><div class=\"uagb-ifb-image-content\"><img decoding=\"async\" src=\"http:\/\/metalizado.com.ar\/wp-content\/uploads\/2022\/11\/11022008131-scaled.jpg\" alt=\"\" width=\"2560\" height=\"1920\" loading=\"lazy\"\/><\/div><div class=\"uagb-ifb-title-wrap\"><h3 class=\"uagb-ifb-title\">Reparaci\u00f3n de Punteras<\/h3><\/div><p class=\"uagb-ifb-desc\">Incluyendo chaveteros<\/p><\/div><\/div>\n<\/div>\n\n\n\n<div class=\"wp-block-uagb-container uagb-block-6f422df7\">\n<div class=\"wp-block-uagb-info-box uagb-block-b2a1a386 uagb-infobox__content-wrap  uagb-infobox-icon-above-title uagb-infobox-image-valign-top\"><div class=\"uagb-ifb-content\"><div class=\"uagb-ifb-image-content\"><img decoding=\"async\" src=\"http:\/\/metalizado.com.ar\/wp-content\/uploads\/2022\/11\/Capturadas-2004-8-12-00000.jpg\" alt=\"\" width=\"640\" height=\"480\" loading=\"lazy\"\/><\/div><div class=\"uagb-ifb-title-wrap\"><h3 class=\"uagb-ifb-title\">Cilindros Secadores<\/h3><\/div><p class=\"uagb-ifb-desc\">Metalizado y Rectificado<\/p><\/div><\/div>\n<\/div>\n\n\n\n<div class=\"wp-block-uagb-container uagb-block-85837662\">\n<div class=\"wp-block-uagb-info-box uagb-block-9c2860f6 uagb-infobox__content-wrap  uagb-infobox-icon-above-title uagb-infobox-image-valign-top\"><div class=\"uagb-ifb-content\"><div class=\"uagb-ifb-image-content\"><img decoding=\"async\" src=\"http:\/\/metalizado.com.ar\/wp-content\/uploads\/2022\/11\/DEFLECTORES.jpg\" alt=\"\" width=\"640\" height=\"480\" loading=\"lazy\"\/><\/div><div class=\"uagb-ifb-title-wrap\"><h3 class=\"uagb-ifb-title\">Separadores<\/h3><\/div><p class=\"uagb-ifb-desc\">Aporte Cer\u00e1mico<\/p><\/div><\/div>\n<\/div>\n<\/div>\n<\/div><\/div>\n\n\n\n<div class=\"wp-block-uagb-container uagb-block-a7fe944e alignfull uagb-is-root-container\">\n<div class=\"wp-block-uagb-container uagb-block-2f201cd8\">\n<div class=\"wp-block-uagb-advanced-heading uagb-block-bc0e0d70\"><h4 class=\"uagb-heading-text\">Sustentabilidad<\/h4><\/div>\n\n\n\n<div class=\"wp-block-uagb-info-box uagb-block-f1f6d1c9 uagb-infobox__content-wrap  uagb-infobox-icon-above-title uagb-infobox-image-valign-top\"><div class=\"uagb-ifb-content\"><div class=\"uagb-ifb-title-wrap\"><h2 class=\"uagb-ifb-title\">Comprometidos a mantener calidad y pronta respuesta en nuestros servicios<\/h2><\/div><p class=\"uagb-ifb-desc\">Cumplimos con todos los est\u00e1ndares de seguridad, proporcionando as\u00ed una mano de obra 100% segura.<\/p><div class=\"uagb-ifb-button-wrapper wp-block-button\"><a href=\"https:\/\/metalizado.com.ar\/index.php\/contacto\/\" class=\"uagb-infobox-cta-link wp-block-button__link\" target=\"_self\" rel=\"noopener noreferrer\" onclick=\"return true;\" alt=\"\"><span class=\"uagb-inline-editing\">saber m\u00e1s<\/span><\/a><\/div><\/div><\/div>\n<\/div>\n\n\n\n<div class=\"wp-block-uagb-container uagb-block-ff6c536e\">\n<div class=\"wp-block-uagb-advanced-heading uagb-block-313d7bd6\"><h3 class=\"uagb-heading-text\">Seguimos las mejores pr\u00e1cticas emp\u00edricas.<\/h3><p class=\"uagb-desc-text\">Nuestros trabajos de calidad y a\u00f1os de experiencia nos posicionan como una empresa l\u00edder en el rubro de metalizados.<\/p><\/div>\n\n\n\n<div class=\"wp-block-uagb-icon-list uagb-block-5aaf239c\"><div class=\"uagb-icon-list__wrap\">\n<div class=\"wp-block-uagb-icon-list-child uagb-block-8f5494b2\"><span class=\"uagb-icon-list__source-wrap\"><svg xmlns=\"https:\/\/www.w3.org\/2000\/svg\" viewBox=\"0 0 512 512\"><path d=\"M180.2 243.1C185 263.9 162.2 280.2 144.1 268.8L119.8 253.6l-50.9 81.43c-13.33 21.32 2.004 48.98 27.15 48.98h32.02c17.64 0 31.98 14.32 31.98 31.96c0 17.64-14.34 32.05-31.98 32.05H96.15c-75.36 0-121.3-82.84-81.47-146.8L65.51 219.8L41.15 204.5C23.04 193.1 27.66 165.5 48.48 160.7l91.43-21.15C148.5 137.7 157.2 142.9 159.2 151.6L180.2 243.1zM283.1 78.96l41.25 66.14l-24.25 15.08c-18.16 11.31-13.57 38.94 7.278 43.77l91.4 21.15c8.622 1.995 17.23-3.387 19.21-12.01l21.04-91.43c4.789-20.81-17.95-37.05-36.07-25.76l-24.36 15.2L337.4 45.14c-37.58-60.14-125.2-60.18-162.8-.0617L167.2 56.9C157.9 71.75 162.5 91.58 177.3 100.9c14.92 9.359 34.77 4.886 44.11-10.04l7.442-11.89C241.6 58.58 270.9 59.33 283.1 78.96zM497.3 301.3l-16.99-27.26c-9.336-14.98-29.06-19.56-44.04-10.21c-14.94 9.318-19.52 29.15-10.18 44.08l16.99 27.15c13.35 21.32-1.984 49-27.14 49h-95.99l.0234-28.74c0-21.38-25.85-32.09-40.97-16.97l-66.41 66.43c-6.222 6.223-6.222 16.41 .0044 22.63l66.42 66.34c15.12 15.1 40.95 4.386 40.95-16.98l-.0234-28.68h95.86C491.2 448.1 537.2 365.2 497.3 301.3z\"><\/path><\/svg><\/span><span class=\"uagb-icon-list__label\">Sustentable<\/span><\/div>\n\n\n\n<div class=\"wp-block-uagb-icon-list-child uagb-block-9968ccc5\"><span class=\"uagb-icon-list__source-wrap\"><svg xmlns=\"https:\/\/www.w3.org\/2000\/svg\" viewBox=\"0 0 512 512\"><path d=\"M256 512C114.6 512 0 397.4 0 256C0 114.6 114.6 0 256 0C397.4 0 512 114.6 512 256C512 397.4 397.4 512 256 512zM232 256C232 264 236 271.5 242.7 275.1L338.7 339.1C349.7 347.3 364.6 344.3 371.1 333.3C379.3 322.3 376.3 307.4 365.3 300L280 243.2V120C280 106.7 269.3 96 255.1 96C242.7 96 231.1 106.7 231.1 120L232 256z\"><\/path><\/svg><\/span><span class=\"uagb-icon-list__label\">Trabajos en tiempo y forma<\/span><\/div>\n\n\n\n<div class=\"wp-block-uagb-icon-list-child uagb-block-3131a91e\"><span class=\"uagb-icon-list__source-wrap\"><svg xmlns=\"https:\/\/www.w3.org\/2000\/svg\" viewBox=\"0 0 512 512\"><path d=\"M256.1 246c-13.25 0-23.1 10.75-23.1 23.1c1.125 72.25-8.124 141.9-27.75 211.5C201.7 491.3 206.6 512 227.5 512c10.5 0 20.12-6.875 23.12-17.5c13.5-47.87 30.1-125.4 29.5-224.5C280.1 256.8 269.4 246 256.1 246zM255.2 164.3C193.1 164.1 151.2 211.3 152.1 265.4c.75 47.87-3.75 95.87-13.37 142.5c-2.75 12.1 5.624 25.62 18.62 28.37c12.1 2.625 25.62-5.625 28.37-18.62c10.37-50.12 15.12-101.6 14.37-152.1C199.7 238.6 219.1 212.1 254.5 212.3c31.37 .5 57.24 25.37 57.62 55.5c.8749 47.1-2.75 96.25-10.62 143.5c-2.125 12.1 6.749 25.37 19.87 27.62c19.87 3.25 26.75-15.12 27.5-19.87c8.249-49.1 12.12-101.1 11.25-151.1C359.2 211.1 312.2 165.1 255.2 164.3zM144.6 144.5C134.2 136.1 119.2 137.6 110.7 147.9C85.25 179.4 71.38 219.3 72 259.9c.6249 37.62-2.375 75.37-8.999 112.1c-2.375 12.1 6.249 25.5 19.25 27.87c20.12 3.5 27.12-14.87 27.1-19.37c7.124-39.87 10.5-80.62 9.749-121.4C119.6 229.3 129.2 201.3 147.1 178.3C156.4 167.9 154.9 152.9 144.6 144.5zM253.1 82.14C238.6 81.77 223.1 83.52 208.2 87.14c-12.87 2.1-20.87 15.1-17.87 28.87c3.125 12.87 15.1 20.75 28.1 17.75C230.4 131.3 241.7 130 253.4 130.1c75.37 1.125 137.6 61.5 138.9 134.6c.5 37.87-1.375 75.1-5.624 113.6c-1.5 13.12 7.999 24.1 21.12 26.5c16.75 1.1 25.5-11.87 26.5-21.12c4.625-39.75 6.624-79.75 5.999-119.7C438.6 165.3 355.1 83.64 253.1 82.14zM506.1 203.6c-2.875-12.1-15.51-21.25-28.63-18.38c-12.1 2.875-21.12 15.75-18.25 28.62c4.75 21.5 4.875 37.5 4.75 61.62c-.1249 13.25 10.5 24.12 23.75 24.25c13.12 0 24.12-10.62 24.25-23.87C512.1 253.8 512.3 231.8 506.1 203.6zM465.1 112.9c-48.75-69.37-128.4-111.7-213.3-112.9c-69.74-.875-134.2 24.84-182.2 72.96c-46.37 46.37-71.34 108-70.34 173.6l-.125 21.5C-.3651 281.4 10.01 292.4 23.26 292.8C23.51 292.9 23.76 292.9 24.01 292.9c12.1 0 23.62-10.37 23.1-23.37l.125-23.62C47.38 193.4 67.25 144 104.4 106.9c38.87-38.75 91.37-59.62 147.7-58.87c69.37 .1 134.7 35.62 174.6 92.37c7.624 10.87 22.5 13.5 33.37 5.875C470.1 138.6 473.6 123.8 465.1 112.9z\"><\/path><\/svg><\/span><span class=\"uagb-icon-list__label\">Maquinarias modernas<\/span><\/div>\n<\/div><\/div>\n<\/div>\n<\/div>\n","protected":false},"excerpt":{"rendered":"<p>Economice metalizando&#8230; Asesoramiento t\u00e9cnico Trabajos de calidad Sustentabilidad Seguimos las mejores pr\u00e1cticas emp\u00edricas. Nuestros trabajos de calidad y a\u00f1os de experiencia nos posicionan como una empresa l\u00edder en el rubro de metalizados.<\/p>\n","protected":false},"author":1,"featured_media":0,"parent":0,"menu_order":0,"comment_status":"closed","ping_status":"closed","template":"","meta":{"om_disable_all_campaigns":false,"_uag_custom_page_level_css":"","_monsterinsights_skip_tracking":false,"_monsterinsights_sitenote_active":false,"_monsterinsights_sitenote_note":"","_monsterinsights_sitenote_category":0,"site-sidebar-layout":"no-sidebar","site-content-layout":"plain-container","ast-global-header-display":"","ast-main-header-display":"","ast-hfb-above-header-display":"","ast-hfb-below-header-display":"","ast-hfb-mobile-header-display":"","site-post-title":"disabled","ast-breadcrumbs-content":"","ast-featured-img":"disabled","footer-sml-layout":"","theme-transparent-header-meta":"enabled","adv-header-id-meta":"","stick-header-meta":"","header-above-stick-meta":"","header-main-stick-meta":"","header-below-stick-meta":"","_joinchat":[],"footnotes":""},"class_list":["post-493","page","type-page","status-publish","hentry"],"aioseo_notices":[],"uagb_featured_image_src":{"full":false,"thumbnail":false,"medium":false,"medium_large":false,"large":false,"1536x1536":false,"2048x2048":false},"uagb_author_info":{"display_name":"ventas","author_link":"https:\/\/metalizado.com.ar\/index.php\/author\/ventas\/"},"uagb_comment_info":0,"uagb_excerpt":"Economice metalizando&#8230; Asesoramiento t\u00e9cnico Trabajos de calidad Sustentabilidad Seguimos las mejores pr\u00e1cticas emp\u00edricas. Nuestros trabajos de calidad y a\u00f1os de experiencia nos posicionan como una empresa l\u00edder en el rubro de metalizados.","_links":{"self":[{"href":"https:\/\/metalizado.com.ar\/index.php\/wp-json\/wp\/v2\/pages\/493","targetHints":{"allow":["GET"]}}],"collection":[{"href":"https:\/\/metalizado.com.ar\/index.php\/wp-json\/wp\/v2\/pages"}],"about":[{"href":"https:\/\/metalizado.com.ar\/index.php\/wp-json\/wp\/v2\/types\/page"}],"author":[{"embeddable":true,"href":"https:\/\/metalizado.com.ar\/index.php\/wp-json\/wp\/v2\/users\/1"}],"replies":[{"embeddable":true,"href":"https:\/\/metalizado.com.ar\/index.php\/wp-json\/wp\/v2\/comments?post=493"}],"version-history":[{"count":42,"href":"https:\/\/metalizado.com.ar\/index.php\/wp-json\/wp\/v2\/pages\/493\/revisions"}],"predecessor-version":[{"id":1644,"href":"https:\/\/metalizado.com.ar\/index.php\/wp-json\/wp\/v2\/pages\/493\/revisions\/1644"}],"wp:attachment":[{"href":"https:\/\/metalizado.com.ar\/index.php\/wp-json\/wp\/v2\/media?parent=493"}],"curies":[{"name":"wp","href":"https:\/\/api.w.org\/{rel}","templated":true}]}}